{"id":1533,"date":"2019-10-24T12:02:16","date_gmt":"2019-10-24T12:02:16","guid":{"rendered":"https:\/\/thesimplerent.com\/franquicias\/?page_id=1533"},"modified":"2022-11-24T12:32:51","modified_gmt":"2022-11-24T12:32:51","slug":"preguntas-frecuentes","status":"publish","type":"page","link":"https:\/\/thesimplerent.com\/franquicias\/preguntas-frecuentes\/","title":{"rendered":"Preguntas frecuentes"},"content":{"rendered":"<p>[vc_row css=\u00bb.vc_custom_1571918654133{margin-top: 6em !important;}\u00bb][vc_column][vc_custom_heading text=\u00bbFRANQUICIA THE SIMPLE RENT <strong>PREGUNTAS FRECUENTES<\/strong>\u00bb font_container=\u00bbtag:h1|font_size:1.5em|text_align:left|color:%230185cd\u00bb use_theme_fonts=\u00bbyes\u00bb][\/vc_column][\/vc_row][vc_section full_width=\u00bbstretch_row\u00bb css=\u00bb.vc_custom_1571919075820{margin-top: 3em !important;margin-bottom: 0px !important;padding-top: 3em !important;padding-bottom: 3em !important;background-color: #f7f8f9 !important;}\u00bb][vc_row][vc_column][vc_tta_accordion style=\u00bbmodern\u00bb shape=\u00bbsquare\u00bb color=\u00bbwhite\u00bb spacing=\u00bb5&#8243; gap=\u00bb5&#8243; c_position=\u00bbright\u00bb active_section=\u00bb1&#8243; collapsible_all=\u00bbtrue\u00bb el_class=\u00bbacordeonfaq\u00bb][vc_tta_section title=\u00bb\u00bfQui\u00e9n es The Simple Rent?\u00bb tab_id=\u00bb1571918140245-4889d92b-d036&#8243;][vc_column_text]<\/p>\n<ul>\n<li>The Simple Rent es la primera red inmobiliaria con agentes online del mercado del lujo.<\/li>\n<li>Somos una cadena inmobiliaria l\u00edder con m\u00e1s de 25 a\u00f1os de experiencia en el sector. Nos dedicamos al alquiler y la venta de inmuebles de medio y alto nivel con servicios de gesti\u00f3n patrimonial.<\/li>\n<li>Hemos creado una nueva forma de ver el negocio inmobiliario, una red colaborativa, ofreciendo servicios integrales y personalizados combinados con los nuevos avances tecnol\u00f3gicos y online.<\/li>\n<li>Nuestro exclusivo modelo de negocio, y nuestro know-how hace que nuestros agentes franquiciados freelance puedan operar bajo una metodolog\u00eda que ofrece siempre resultados y ganancias.<\/li>\n<li>La gesti\u00f3n de nuestros socios franquiciados se extiende por las diferentes ciudades y partes del mundo trabajando bajo una misma filosof\u00eda, preocup\u00e1ndose por cada uno de sus clientes y haci\u00e9ndoles la vida m\u00e1s f\u00e1cil.<\/li>\n<li>The Simple Rent, gestiona el patrimonio de los propietarios con m\u00e1s inmuebles de cada ciudad, incluyendo las viviendas m\u00e1s exclusivas y los locales comerciales situados en las mejores localizaciones.<\/li>\n<\/ul>\n<p>[\/vc_column_text][\/vc_tta_section][vc_tta_section title=\u00bb\u00bfQu\u00e9 necesito para ser franquiciado?\u00bb tab_id=\u00bb1571918140249-02d0bc81-7e0f\u00bb][vc_column_text]<\/p>\n<ul>\n<li>Buscamos socios ambiciosos y motivados, que quieran formar parte de una red internacional de marca y beneficiarse de la reproducci\u00f3n de un modelo probado y de \u00e9xito.<\/li>\n<li>Emprendedores con car\u00e1cter comercial, que buscan en esta profesi\u00f3n una alternativa pese a no disponer de experiencia previa.<\/li>\n<li>Al tener una franquicia The Simple Rent, podr\u00e1s trabajar por cuenta propia, teniendo ingresos desde el primer mes. Tambi\u00e9n tendr\u00e1s la posibilidad de avanzar dentro de este negocio si tienes cualidades de liderazgo para impulsar tus ventas y a tu equipo.<\/li>\n<li>Deber\u00edas apasionarte por la marca, pero tambi\u00e9n por el sector en su conjunto, ya que estamos asistiendo a un cambio tecnol\u00f3gico importante en el mundo inmobiliario y nuestro proyecto se adapta perfectamente a dicha necesidad.<\/li>\n<\/ul>\n<p>[\/vc_column_text][\/vc_tta_section][vc_tta_section title=\u00bb\u00bfCu\u00e1nto dinero tengo que invertir?\u00bb tab_id=\u00bb1571918207847-205f3844-ed05&#8243;][vc_column_text]<\/p>\n<ul>\n<li>The Simple Rent, es una franquicia que apuesta por los j\u00f3venes emprendedores que quieren dedicarse al sector inmobiliario sin seguir los c\u00e1nones tradicionales de empleado o franquiciado inversor.<\/li>\n<li>Puedes elegir nuestro formato de agente franquiciado online para trabajar en el sector inmobiliario del alto standing,\u00a0 sin\u00a0 necesidad de local, oficina ni inversi\u00f3n.<\/li>\n<li><a href=\"https:\/\/thesimplerent.com\/franquicias#formulario\"><u>P\u00eddenos informaci\u00f3n sin compromiso.<\/u><\/a><\/li>\n<\/ul>\n<p>[\/vc_column_text][\/vc_tta_section][vc_tta_section title=\u00bb\u00bfCu\u00e1ntas licencias puedo adquirir?\u00bb tab_id=\u00bb1571918248918-1f9932e0-4e03&#8243;][vc_column_text]<\/p>\n<ul>\n<li>En The Simple Rent analizamos el caso de cada socio para proponerle la adquisici\u00f3n de una o varias licencias de exclusiva, dependiendo de las capacidades personales y del mercado.<\/li>\n<\/ul>\n<p>[\/vc_column_text][\/vc_tta_section][vc_tta_section title=\u00bb\u00bfCu\u00e1ndo empezar\u00e9 a ganar dinero?\u00bb tab_id=\u00bb1571918271959-a5697bb1-001a\u00bb][vc_column_text]<\/p>\n<ul>\n<li>Todos nuestros franquiciados tienen la posibilidad de cerrar operaciones desde el primer mes, ya que nuestro modelo de negocio esta creado para que puedas obtener ganancias de forma r\u00e1pida.<\/li>\n<\/ul>\n<p>[\/vc_column_text][\/vc_tta_section][vc_tta_section title=\u00bb\u00bfQu\u00e9 incluye una licencia de franquicia en The Simple Rent?\u00bb tab_id=\u00bb1571918293253-c99ff4ec-6943&#8243;][vc_column_text]<\/p>\n<ul>\n<li>Exclusividad zonal para el desarrollo del modelo de negocio The Simple Rent sin competencia.<\/li>\n<li>Curso formativo <em>Training For Agents<\/em> con entrega de diploma acreditativo.<\/li>\n<li>Licencia de Software propio y volcado autom\u00e1tico de inmuebles a la web corporativa.<\/li>\n<li>Entrega de documentaci\u00f3n contractual y manuales operativos para ejercer la actividad.<\/li>\n<li>Kit de franquiciado con todo lo necesario para iniciar la actividad: tarjetas de visita, agenda personalizada, correo corporativo\u2026<\/li>\n<li>Campa\u00f1as de marketing y difusi\u00f3n para el lanzamiento de la actividad en su zona.<\/li>\n<\/ul>\n<p>[\/vc_column_text][\/vc_tta_section][vc_tta_section title=\u00bb\u00bfC\u00f3mo apoya The Simple Rent a sus franquiciados?\u00bb tab_id=\u00bb1571918402007-9d041fd1-7288&#8243;][vc_column_text]The Simple Rent ha desarrollado una plataforma de soporte integral que proporciona a todos nuestros franquiciados:<\/p>\n<ul>\n<li>Oficina virtual para asistencia en el trabajo diario.<\/li>\n<li>Asignaci\u00f3n de una secretaria virtual online que te ayuda en tareas y objetivos.<\/li>\n<li>Acceso 24\/7 horas a consultor profesional.<\/li>\n<li>Asesoramiento jur\u00eddico y departamentos especializados para la ayuda de cualquier operaci\u00f3n.<\/li>\n<li>Formaci\u00f3n continua y especializada.<\/li>\n<li>Colaboraciones con grandes marcas nacionales e internacionales en la b\u00fasqueda de sus locales y alojamiento de sus empleados.<\/li>\n<li>Acuerdos con los principales portales y canales inmobiliarios para la publicaci\u00f3n y difusi\u00f3n de inmuebles.<\/li>\n<li>Una plataforma completa de marketing que incluye sitio web con configuraci\u00f3n y gesti\u00f3n para todas las ubicaciones.<\/li>\n<li>La capacidad para aprovechar los canales internacionales de venta y marketing The Simple Rent, incluyendo redes sociales y cuentas corporativas.<\/li>\n<\/ul>\n<p>[\/vc_column_text][\/vc_tta_section][vc_tta_section title=\u00bb\u00bfCu\u00e1ndo puedes comenzar a operar?\u00bb tab_id=\u00bb1571918451575-719b95b1-3ad5&#8243;][vc_column_text]<\/p>\n<ul>\n<li>Se tarda aproximadamente menos de un mes desde la firma del acuerdo de franquicia hasta la puesta en marcha de la actividad.<\/li>\n<\/ul>\n<p>[\/vc_column_text][\/vc_tta_section][vc_tta_section title=\u00bb\u00bfC\u00f3mo es el curso de formaci\u00f3n?\u00bb tab_id=\u00bb1571918470814-a62d5237-f60d\u00bb][vc_column_text]<\/p>\n<ul>\n<li>Los franquiciados recibir\u00e1n una formaci\u00f3n te\u00f3rica y pr\u00e1ctica de tres d\u00edas en la central, que les permitir\u00e1 conocer de primera mano todo lo necesario para iniciar su actividad.<\/li>\n<li>Nuestro curso <em>Training For Agents<\/em> aporta a nuestros franquiciados los conocimientos necesarios para poder realizar operaciones de alquiler, tanto de viviendas como de locales, as\u00ed como realizar una operaci\u00f3n de compra y venta de millones de euros.<\/li>\n<li>Adem\u00e1s, nuestra oficina central se convierte en el soporte principal para seguir recibiendo formaci\u00f3n d\u00eda a d\u00eda.<\/li>\n<li>A trav\u00e9s de tu secretaria personal y tus asistentes comerciales dispondr\u00e1s de formaciones y tutor\u00edas en l\u00ednea diariamente.<\/li>\n<\/ul>\n<p>[\/vc_column_text][\/vc_tta_section][vc_tta_section title=\u00bb\u00bfC\u00f3mo voy a conseguir inmuebles y cuales me proporciona The Simple Rent?\u00bb tab_id=\u00bb1573653766861-8aff4d3d-0ca1&#8243;][vc_column_text]<\/p>\n<ul>\n<li>The Simple Rent te facilita los primeros inmuebles y propietarios de tu zona, para iniciarte en la actividad y poder cerrar operaciones desde el primer d\u00eda.<\/li>\n<li>No somos una MLS, los inmuebles y los propietarios son solo para ti, solo t\u00fa tendr\u00e1s acceso a ellos para desarrollar nuestra metodolog\u00eda de forma exclusiva en tu zona.<\/li>\n<li>Con nuestro m\u00e9todo exclusivo de captaci\u00f3n, tu red de contactos nunca dejar\u00e1 de crecer y podr\u00e1s colaborar con otros socios franquiciados nacionales e internacionales.<\/li>\n<\/ul>\n<p>[\/vc_column_text][\/vc_tta_section][vc_tta_section title=\u00bb\u00bfC\u00d3MO SON LOS PRIMEROS PASOS COMO FRANQUICIADO?\u00bb tab_id=\u00bb1573653707213-7a2e089f-4632&#8243;][vc_column_text]<\/p>\n<ul>\n<li>El primero paso ya lo hemos realizado nosotros por ti, recopilando informaci\u00f3n sobre tu zona de exclusiva, as\u00ed como incorporando a tu base de datos las primeras propiedades y nuevos propietarios que esperan recibir los servicios de The Simple Rent.<\/li>\n<li>El segundo paso es recibir nuestro curso formativo \u201cTraining for agents\u201d. Durante los d\u00edas que dure la formaci\u00f3n, trabajar\u00e1n junto a ti los mejores mentores expertos inmobiliarios, que te preparar\u00e1n a fondo para hacerte sentir seguro a la hora de cerrar cualquier operaci\u00f3n, ya sea de alquiler de un inmueble, un bajo comercial as\u00ed como la venta de una vivienda de millones de euros.<\/li>\n<li>Te guiaremos desde el primer d\u00eda, tendr\u00e1s una agenda planificada de clientes y citas para mostrar inmuebles, iremos de tu mano en cada paso para que puedas crecer de forma muy f\u00e1cil a nuestro lado.<\/li>\n<\/ul>\n<p>[\/vc_column_text][\/vc_tta_section][vc_tta_section title=\u00bb\u00bfC\u00f3mo puedo ser franquiciado?\u00bb tab_id=\u00bb1571918492599-64c8dc53-2b4a\u00bb][vc_column_text]M\u00e1ndanos tus datos <a href=\"https:\/\/thesimplerent.com\/franquicias#formulario\">aqu\u00ed<\/a> y te informaremos personalmente.[\/vc_column_text][\/vc_tta_section][\/vc_tta_accordion][\/vc_column][\/vc_row][\/vc_section]<\/p>\n","protected":false},"excerpt":{"rendered":"<p>[vc_row css=\u00bb.vc_custom_1571918654133{margin-top: 6em !important;}\u00bb][vc_column][vc_custom_heading text=\u00bbFRANQUICIA THE SIMPLE RENT PREGUNTAS FRECUENTES\u00bb font_container=\u00bbtag:h1|font_size:1.5em|text_align:left|color:%230185cd\u00bb use_theme_fonts=\u00bbyes\u00bb][\/vc_column][\/vc_row][vc_section full_width=\u00bbstretch_row\u00bb css=\u00bb.vc_custom_1571919075820{margin-top: 3em !important;margin-bottom: 0px !important;padding-top: 3em !important;padding-bottom: 3em !important;background-color: #f7f8f9 !important;}\u00bb][vc_row][vc_column][vc_tta_accordion style=\u00bbmodern\u00bb<\/p>\n","protected":false},"author":1,"featured_media":0,"parent":0,"menu_order":0,"comment_status":"closed","ping_status":"closed","template":"","meta":[],"_links":{"self":[{"href":"https:\/\/thesimplerent.com\/franquicias\/wp-json\/wp\/v2\/pages\/1533"}],"collection":[{"href":"https:\/\/thesimplerent.com\/franquicias\/wp-json\/wp\/v2\/pages"}],"about":[{"href":"https:\/\/thesimplerent.com\/franquicias\/wp-json\/wp\/v2\/types\/page"}],"author":[{"embeddable":true,"href":"https:\/\/thesimplerent.com\/franquicias\/wp-json\/wp\/v2\/users\/1"}],"replies":[{"embeddable":true,"href":"https:\/\/thesimplerent.com\/franquicias\/wp-json\/wp\/v2\/comments?post=1533"}],"version-history":[{"count":20,"href":"https:\/\/thesimplerent.com\/franquicias\/wp-json\/wp\/v2\/pages\/1533\/revisions"}],"predecessor-version":[{"id":5438,"href":"https:\/\/thesimplerent.com\/franquicias\/wp-json\/wp\/v2\/pages\/1533\/revisions\/5438"}],"wp:attachment":[{"href":"https:\/\/thesimplerent.com\/franquicias\/wp-json\/wp\/v2\/media?parent=1533"}],"curies":[{"name":"wp","href":"https:\/\/api.w.org\/{rel}","templated":true}]}}